
{"id":429,"date":"2018-10-06T23:29:18","date_gmt":"2018-10-06T21:29:18","guid":{"rendered":"https:\/\/www.pisaniehravo.sk\/blog\/?page_id=429"},"modified":"2023-02-04T12:09:56","modified_gmt":"2023-02-04T11:09:56","slug":"hlavni-stranka","status":"publish","type":"page","link":"https:\/\/www.pisaniehravo.sk\/blog\/","title":{"rendered":"Hlavn\u00ed str\u00e1nka"},"content":{"rendered":"<p>[et_pb_section fb_built=&#8220;1&#8243; fullwidth=&#8220;on&#8220; _builder_version=&#8220;4.16&#8243; _module_preset=&#8220;default&#8220; global_colors_info=&#8220;{}&#8220;][et_pb_fullwidth_code _builder_version=&#8220;4.16&#8243; _module_preset=&#8220;default&#8220; global_colors_info=&#8220;{}&#8220;]<\/p>\n<h1><b>Blog P\u00edsanie Hravo<\/b><\/h1>\n<p>[\/et_pb_fullwidth_code][\/et_pb_section][et_pb_section fb_built=&#8220;1&#8243; _builder_version=&#8220;4.19.0&#8243; _module_preset=&#8220;default&#8220; custom_margin=&#8220;80px|0px|0px|0px|false|false&#8220; custom_padding=&#8220;0px|0px|0px|0px|false|false&#8220; global_colors_info=&#8220;{}&#8220;][et_pb_row _builder_version=&#8220;4.19.0&#8243; _module_preset=&#8220;default&#8220; global_colors_info=&#8220;{}&#8220;][et_pb_column type=&#8220;4_4&#8243; _builder_version=&#8220;4.19.0&#8243; _module_preset=&#8220;default&#8220; global_colors_info=&#8220;{}&#8220;][et_pb_text _builder_version=&#8220;4.19.0&#8243; _module_preset=&#8220;default&#8220; global_colors_info=&#8220;{}&#8220;]<\/p>\n<p style=\"font-size: 25px; text-align: center;\">Najpopul\u00e1rnej\u0161ie \u010dl\u00e1nky<\/p>\n<p>[\/et_pb_text][et_pb_blog fullwidth=&#8220;off&#8220; posts_number=&#8220;3&#8243; include_categories=&#8220;44&#8243; meta_date=&#8220;d. m. Y&#8220; show_categories=&#8220;off&#8220; show_pagination=&#8220;off&#8220; use_overlay=&#8220;on&#8220; overlay_icon_color=&#8220;RGBA(255,255,255,0)&#8220; hover_overlay_color=&#8220;rgba(0,0,0,0.2)&#8220; hover_icon=&#8220;&#x68;||divi||400&#8243; masonry_tile_background_color=&#8220;RGBA(0,0,0,0)&#8220; _builder_version=&#8220;4.19.0&#8243; _module_preset=&#8220;default&#8220; header_font=&#8220;|700|||||||&#8220; header_text_color=&#8220;#000000&#8243; header_font_size=&#8220;16px&#8220; meta_font=&#8220;||on||||||&#8220; meta_font_size=&#8220;14px&#8220; meta_line_height=&#8220;1.5em&#8220; read_more_font=&#8220;|700|||||||&#8220; read_more_text_color=&#8220;#000000&#8243; pagination_font=&#8220;||on||||||&#8220; pagination_text_color=&#8220;#000000&#8243; background_color=&#8220;RGBA(0,0,0,0)&#8220; text_orientation=&#8220;left&#8220; width=&#8220;100%&#8220; max_width=&#8220;100%&#8220; border_width_all=&#8220;0px&#8220; border_color_right_image=&#8220;#5CAD48&#8243; global_colors_info=&#8220;{}&#8220;][\/et_pb_blog][\/et_pb_column][\/et_pb_row][et_pb_row column_structure=&#8220;1_4,3_4&#8243; _builder_version=&#8220;4.19.0&#8243; _module_preset=&#8220;default&#8220; custom_margin=&#8220;20px||||false|false&#8220; custom_padding=&#8220;||35px||false|false&#8220; global_colors_info=&#8220;{}&#8220;][et_pb_column type=&#8220;1_4&#8243; _builder_version=&#8220;4.19.0&#8243; _module_preset=&#8220;default&#8220; global_colors_info=&#8220;{}&#8220;][\/et_pb_column][et_pb_column type=&#8220;3_4&#8243; _builder_version=&#8220;4.19.0&#8243; _module_preset=&#8220;default&#8220; global_colors_info=&#8220;{}&#8220;][et_pb_text _builder_version=&#8220;4.19.0&#8243; _module_preset=&#8220;default&#8220; custom_padding=&#8220;||0px|||&#8220; global_colors_info=&#8220;{}&#8220;]<\/p>\n<p style=\"font-size: 25px; text-align: center;\">\u010eal\u0161ie \u010dl\u00e1nky<\/p>\n<p>[\/et_pb_text][\/et_pb_column][\/et_pb_row][\/et_pb_section][et_pb_section fb_built=&#8220;1&#8243; _builder_version=&#8220;4.19.0&#8243; _module_preset=&#8220;default&#8220; custom_margin=&#8220;0px|0px|0px|0px|false|false&#8220; custom_padding=&#8220;0px|0px|0px|0px|false|false&#8220; global_colors_info=&#8220;{}&#8220;][et_pb_row column_structure=&#8220;1_4,3_4&#8243; _builder_version=&#8220;4.19.0&#8243; _module_preset=&#8220;default&#8220; custom_margin=&#8220;||||false|false&#8220; custom_padding=&#8220;||6px|||&#8220; global_colors_info=&#8220;{}&#8220;][et_pb_column type=&#8220;1_4&#8243; disabled_on=&#8220;on|on|off&#8220; _builder_version=&#8220;4.19.0&#8243; _module_preset=&#8220;default&#8220; custom_padding=&#8220;0px||||false|false&#8220; global_colors_info=&#8220;{}&#8220;][et_pb_sidebar area=&#8220;sidebar-1&#8243; _builder_version=&#8220;4.19.0&#8243; _module_preset=&#8220;default&#8220; custom_margin=&#8220;||||false|false&#8220; custom_padding=&#8220;||||false|false&#8220; hover_enabled=&#8220;0&#8243; global_colors_info=&#8220;{}&#8220; sticky_enabled=&#8220;0&#8243;][\/et_pb_sidebar][et_pb_cta title=&#8220;Pisanie Hravo&#8220; button_url=&#8220;https:\/\/www.pisaniehravo.sk\/?utm_source=blog&#038;utm_medium=banner&#038;utm_campaign=sidebar&#8220; button_text=&#8220;Prejs\u0165 na web&#8220; _builder_version=&#8220;4.19.0&#8243; _module_preset=&#8220;default&#8220; header_level=&#8220;h3&#8243; header_text_align=&#8220;left&#8220; header_font_size=&#8220;26px&#8220; background_color=&#8220;#5CAD48&#8243; custom_button=&#8220;on&#8220; button_text_size=&#8220;14px&#8220; button_bg_color=&#8220;RGBA(0,0,0,0)&#8220; button_border_radius=&#8220;3px&#8220; button_font=&#8220;|700|||||||&#8220; button_use_icon=&#8220;off&#8220; button_alignment=&#8220;center&#8220; width=&#8220;100%&#8220; custom_margin=&#8220;0px|-12px|0px|0px|false|false&#8220; custom_padding=&#8220;40px|25px|40px|25px|false|false&#8220; global_colors_info=&#8220;{}&#8220;]<\/p>\n<p style=\"text-align: left;\">Nau\u010dte sa p\u00edsa\u0165 v\u0161etk\u00fdmi desiatimi raz a nav\u017edy. Jednoducho, r\u00fdchlo a hravo.<\/p>\n<p>[\/et_pb_cta][\/et_pb_column][et_pb_column type=&#8220;3_4&#8243; _builder_version=&#8220;4.16&#8243; _module_preset=&#8220;default&#8220; global_colors_info=&#8220;{}&#8220;][et_pb_blog fullwidth=&#8220;off&#8220; posts_number=&#8220;24&#8243; meta_date=&#8220;d. m. Y&#8220; show_categories=&#8220;off&#8220; use_overlay=&#8220;on&#8220; overlay_icon_color=&#8220;RGBA(255,255,255,0)&#8220; hover_overlay_color=&#8220;rgba(0,0,0,0.2)&#8220; hover_icon=&#8220;&#x68;||divi||400&#8243; masonry_tile_background_color=&#8220;RGBA(0,0,0,0)&#8220; show_categories_last_edited=&#8220;off|desktop&#8220; admin_label=&#8220;category-blog-grid&#8220; _builder_version=&#8220;4.19.0&#8243; _module_preset=&#8220;default&#8220; header_font=&#8220;|700|||||||&#8220; header_text_color=&#8220;#000000&#8243; header_font_size=&#8220;16px&#8220; meta_font=&#8220;||on||||||&#8220; meta_font_size=&#8220;14px&#8220; meta_line_height=&#8220;1.5em&#8220; read_more_font=&#8220;|700|||||||&#8220; read_more_text_color=&#8220;#000000&#8243; pagination_font=&#8220;||on||||||&#8220; pagination_text_color=&#8220;#000000&#8243; background_color=&#8220;RGBA(0,0,0,0)&#8220; text_orientation=&#8220;left&#8220; width=&#8220;100%&#8220; max_width=&#8220;100%&#8220; border_width_all=&#8220;0px&#8220; border_color_right_image=&#8220;#5CAD48&#8243; global_module=&#8220;2842&#8243; saved_tabs=&#8220;all&#8220; global_colors_info=&#8220;{}&#8220;][\/et_pb_blog][et_pb_blog fullwidth=&#8220;off&#8220; posts_number=&#8220;24&#8243; meta_date=&#8220;d. m. Y&#8220; show_categories=&#8220;off&#8220; use_overlay=&#8220;on&#8220; overlay_icon_color=&#8220;RGBA(255,255,255,0)&#8220; hover_overlay_color=&#8220;rgba(0,0,0,0.2)&#8220; hover_icon=&#8220;&#x68;||divi||400&#8243; masonry_tile_background_color=&#8220;RGBA(0,0,0,0)&#8220; show_categories_last_edited=&#8220;off|desktop&#8220; admin_label=&#8220;category-blog-grid&#8220; _builder_version=&#8220;4.19.0&#8243; _module_preset=&#8220;default&#8220; header_font=&#8220;|700|||||||&#8220; header_text_color=&#8220;#000000&#8243; header_font_size=&#8220;16px&#8220; meta_font=&#8220;||on||||||&#8220; meta_font_size=&#8220;14px&#8220; meta_line_height=&#8220;1.5em&#8220; read_more_font=&#8220;|700|||||||&#8220; read_more_text_color=&#8220;#000000&#8243; pagination_font=&#8220;||on||||||&#8220; pagination_text_color=&#8220;#000000&#8243; background_color=&#8220;RGBA(0,0,0,0)&#8220; text_orientation=&#8220;left&#8220; width=&#8220;100%&#8220; max_width=&#8220;100%&#8220; border_width_all=&#8220;0px&#8220; border_color_right_image=&#8220;#5CAD48&#8243; global_module=&#8220;2842&#8243; saved_tabs=&#8220;all&#8220; global_colors_info=&#8220;{}&#8220;][\/et_pb_blog][\/et_pb_column][\/et_pb_row][\/et_pb_section]<\/p>\n","protected":false},"excerpt":{"rendered":"<p>Najpopul\u00e1rnej\u0161ie \u010dl\u00e1nky\u010eal\u0161ie \u010dl\u00e1nkyNau\u010dte sa p\u00edsa\u0165 v\u0161etk\u00fdmi desiatimi raz a nav\u017edy. Jednoducho, r\u00fdchlo a hravo.<\/p>\n","protected":false},"author":1,"featured_media":0,"parent":0,"menu_order":0,"comment_status":"closed","ping_status":"closed","template":"","meta":{"_et_pb_use_builder":"on","_et_pb_old_content":"<!-- wp:image {\"id\":664,\"sizeSlug\":\"large\",\"linkDestination\":\"none\"} -->\n<figure class=\"wp-block-image size-large\"><img src=\"https:\/\/www.pisaniehravo.sk\/blog\/wp-content\/uploads\/2018\/10\/ph_blog_header-1024x114.jpg\" alt=\"Blog Pisanie Hravo\" class=\"wp-image-664\"\/><\/figure>\n<!-- \/wp:image -->","_et_gb_content_width":"","footnotes":""},"class_list":["post-429","page","type-page","status-publish","hentry"],"yoast_head":"<!-- This site is optimized with the Yoast SEO plugin v25.2 - https:\/\/yoast.com\/wordpress\/plugins\/seo\/ -->\n<title>Blog P\u00edsanie Hravo<\/title>\n<meta name=\"description\" content=\"Informace o Psan\u00ed Hrav\u011b pro \u0161koly, firmy i jednotlivce. Zjist\u011bte, co Psan\u00ed Hrav\u011b obsahuje a jak se nau\u010dit ps\u00e1t v\u0161emi deseti efektivn\u011b a z\u00e1bavn\u011b.\" \/>\n<meta name=\"robots\" content=\"index, follow, max-snippet:-1, max-image-preview:large, max-video-preview:-1\" \/>\n<link rel=\"canonical\" href=\"https:\/\/www.pisaniehravo.sk\/blog\/\" \/>\n<meta property=\"og:locale\" content=\"sk_SK\" \/>\n<meta property=\"og:type\" content=\"article\" \/>\n<meta property=\"og:title\" content=\"Blog P\u00edsanie Hravo\" \/>\n<meta property=\"og:description\" content=\"Informace o Psan\u00ed Hrav\u011b pro \u0161koly, firmy i jednotlivce. Zjist\u011bte, co Psan\u00ed Hrav\u011b obsahuje a jak se nau\u010dit ps\u00e1t v\u0161emi deseti efektivn\u011b a z\u00e1bavn\u011b.\" \/>\n<meta property=\"og:url\" content=\"https:\/\/www.pisaniehravo.sk\/blog\/\" \/>\n<meta property=\"og:site_name\" content=\"Blog P\u00edsanie Hravo\" \/>\n<meta property=\"article:modified_time\" content=\"2023-02-04T11:09:56+00:00\" \/>\n<meta name=\"twitter:card\" content=\"summary_large_image\" \/>\n<meta name=\"twitter:label1\" content=\"Predpokladan\u00fd \u010das \u010d\u00edtania\" \/>\n\t<meta name=\"twitter:data1\" content=\"1 min\u00fata\" \/>\n<script type=\"application\/ld+json\" class=\"yoast-schema-graph\">{\"@context\":\"https:\/\/schema.org\",\"@graph\":[{\"@type\":\"WebPage\",\"@id\":\"https:\/\/www.pisaniehravo.sk\/blog\/\",\"url\":\"https:\/\/www.pisaniehravo.sk\/blog\/\",\"name\":\"Blog P\u00edsanie Hravo\",\"isPartOf\":{\"@id\":\"https:\/\/www.pisaniehravo.sk\/blog\/#website\"},\"datePublished\":\"2018-10-06T21:29:18+00:00\",\"dateModified\":\"2023-02-04T11:09:56+00:00\",\"description\":\"Informace o Psan\u00ed Hrav\u011b pro \u0161koly, firmy i jednotlivce. Zjist\u011bte, co Psan\u00ed Hrav\u011b obsahuje a jak se nau\u010dit ps\u00e1t v\u0161emi deseti efektivn\u011b a z\u00e1bavn\u011b.\",\"inLanguage\":\"sk-SK\",\"potentialAction\":[{\"@type\":\"ReadAction\",\"target\":[\"https:\/\/www.pisaniehravo.sk\/blog\/\"]}]},{\"@type\":\"WebSite\",\"@id\":\"https:\/\/www.pisaniehravo.sk\/blog\/#website\",\"url\":\"https:\/\/www.pisaniehravo.sk\/blog\/\",\"name\":\"Blog P\u00edsanie Hravo\",\"description\":\"To najlep\u0161ie zo sveta P\u00edsanie Hravo\",\"potentialAction\":[{\"@type\":\"SearchAction\",\"target\":{\"@type\":\"EntryPoint\",\"urlTemplate\":\"https:\/\/www.pisaniehravo.sk\/blog\/?s={search_term_string}\"},\"query-input\":{\"@type\":\"PropertyValueSpecification\",\"valueRequired\":true,\"valueName\":\"search_term_string\"}}],\"inLanguage\":\"sk-SK\"}]}<\/script>\n<!-- \/ Yoast SEO plugin. -->","yoast_head_json":{"title":"Blog P\u00edsanie Hravo","description":"Informace o Psan\u00ed Hrav\u011b pro \u0161koly, firmy i jednotlivce. Zjist\u011bte, co Psan\u00ed Hrav\u011b obsahuje a jak se nau\u010dit ps\u00e1t v\u0161emi deseti efektivn\u011b a z\u00e1bavn\u011b.","robots":{"index":"index","follow":"follow","max-snippet":"max-snippet:-1","max-image-preview":"max-image-preview:large","max-video-preview":"max-video-preview:-1"},"canonical":"https:\/\/www.pisaniehravo.sk\/blog\/","og_locale":"sk_SK","og_type":"article","og_title":"Blog P\u00edsanie Hravo","og_description":"Informace o Psan\u00ed Hrav\u011b pro \u0161koly, firmy i jednotlivce. Zjist\u011bte, co Psan\u00ed Hrav\u011b obsahuje a jak se nau\u010dit ps\u00e1t v\u0161emi deseti efektivn\u011b a z\u00e1bavn\u011b.","og_url":"https:\/\/www.pisaniehravo.sk\/blog\/","og_site_name":"Blog P\u00edsanie Hravo","article_modified_time":"2023-02-04T11:09:56+00:00","twitter_card":"summary_large_image","twitter_misc":{"Predpokladan\u00fd \u010das \u010d\u00edtania":"1 min\u00fata"},"schema":{"@context":"https:\/\/schema.org","@graph":[{"@type":"WebPage","@id":"https:\/\/www.pisaniehravo.sk\/blog\/","url":"https:\/\/www.pisaniehravo.sk\/blog\/","name":"Blog P\u00edsanie Hravo","isPartOf":{"@id":"https:\/\/www.pisaniehravo.sk\/blog\/#website"},"datePublished":"2018-10-06T21:29:18+00:00","dateModified":"2023-02-04T11:09:56+00:00","description":"Informace o Psan\u00ed Hrav\u011b pro \u0161koly, firmy i jednotlivce. Zjist\u011bte, co Psan\u00ed Hrav\u011b obsahuje a jak se nau\u010dit ps\u00e1t v\u0161emi deseti efektivn\u011b a z\u00e1bavn\u011b.","inLanguage":"sk-SK","potentialAction":[{"@type":"ReadAction","target":["https:\/\/www.pisaniehravo.sk\/blog\/"]}]},{"@type":"WebSite","@id":"https:\/\/www.pisaniehravo.sk\/blog\/#website","url":"https:\/\/www.pisaniehravo.sk\/blog\/","name":"Blog P\u00edsanie Hravo","description":"To najlep\u0161ie zo sveta P\u00edsanie Hravo","potentialAction":[{"@type":"SearchAction","target":{"@type":"EntryPoint","urlTemplate":"https:\/\/www.pisaniehravo.sk\/blog\/?s={search_term_string}"},"query-input":{"@type":"PropertyValueSpecification","valueRequired":true,"valueName":"search_term_string"}}],"inLanguage":"sk-SK"}]}},"_links":{"self":[{"href":"https:\/\/www.pisaniehravo.sk\/blog\/wp-json\/wp\/v2\/pages\/429","targetHints":{"allow":["GET"]}}],"collection":[{"href":"https:\/\/www.pisaniehravo.sk\/blog\/wp-json\/wp\/v2\/pages"}],"about":[{"href":"https:\/\/www.pisaniehravo.sk\/blog\/wp-json\/wp\/v2\/types\/page"}],"author":[{"embeddable":true,"href":"https:\/\/www.pisaniehravo.sk\/blog\/wp-json\/wp\/v2\/users\/1"}],"replies":[{"embeddable":true,"href":"https:\/\/www.pisaniehravo.sk\/blog\/wp-json\/wp\/v2\/comments?post=429"}],"version-history":[{"count":11,"href":"https:\/\/www.pisaniehravo.sk\/blog\/wp-json\/wp\/v2\/pages\/429\/revisions"}],"predecessor-version":[{"id":3448,"href":"https:\/\/www.pisaniehravo.sk\/blog\/wp-json\/wp\/v2\/pages\/429\/revisions\/3448"}],"wp:attachment":[{"href":"https:\/\/www.pisaniehravo.sk\/blog\/wp-json\/wp\/v2\/media?parent=429"}],"curies":[{"name":"wp","href":"https:\/\/api.w.org\/{rel}","templated":true}]}}